{"id":554,"date":"2019-04-11T09:48:49","date_gmt":"2019-04-11T13:48:49","guid":{"rendered":"https:\/\/craler.com\/?page_id=554"},"modified":"2021-03-31T03:18:32","modified_gmt":"2021-03-31T07:18:32","slug":"expertise","status":"publish","type":"page","link":"https:\/\/craler.com\/fr\/expertise\/","title":{"rendered":"Expertise"},"content":{"rendered":"[vc_row type= &raquo;full_width_background &raquo; full_screen_row_position= &raquo;middle &raquo; bg_image= &raquo;758&Prime; bg_position= &raquo;center center &raquo; bg_repeat= &raquo;no-repeat &raquo; scene_position= &raquo;center &raquo; text_color= &raquo;dark &raquo; text_align= &raquo;center &raquo; overlay_strength= &raquo;0.3&Prime; shape_divider_position= &raquo;bottom &raquo; bg_image_animation= &raquo;none &raquo; shape_type= &raquo; &raquo;][vc_column column_padding= &raquo;no-extra-padding &raquo; column_padding_position= &raquo;all &raquo; background_color_opacity= &raquo;1&Prime; background_hover_color_opacity= &raquo;1&Prime; column_link_target= &raquo;_self &raquo; column_shadow= &raquo;none &raquo; column_border_radius= &raquo;none &raquo; width= &raquo;1\/1&Prime; tablet_width_inherit= &raquo;default &raquo; tablet_text_alignment= &raquo;default &raquo; phone_text_alignment= &raquo;default &raquo; column_border_width= &raquo;none &raquo; column_border_style= &raquo;solid &raquo; bg_image_animation= &raquo;none &raquo;][vc_column_text]\n<div style=\"height: 362px;\">\n<h1 style=\"text-align: center; font-size: 40px; top: 38%; position: relative;\"><span style=\"color: #ffffff;\">Il y a peu de d\u00e9fis que nous ne pouvons relever<\/span><\/h1>\n<\/div>\n[\/vc_column_text][\/vc_column][\/vc_row][vc_row type= &raquo;full_width_content &raquo; full_screen_row_position= &raquo;middle &raquo; bg_color= &raquo;#1a1a1a &raquo; scene_position= &raquo;center &raquo; text_color= &raquo;dark &raquo; text_align= &raquo;left &raquo; overlay_strength= &raquo;0.3&Prime; shape_divider_position= &raquo;bottom &raquo; bg_image_animation= &raquo;none &raquo; shape_type= &raquo; &raquo;][vc_column column_padding= &raquo;no-extra-padding &raquo; column_padding_position= &raquo;all &raquo; background_color_opacity= &raquo;1&Prime; background_hover_color_opacity= &raquo;1&Prime; column_link_target= &raquo;_self &raquo; column_shadow= &raquo;none &raquo; column_border_radius= &raquo;none &raquo; width= &raquo;1\/1&Prime; tablet_width_inherit= &raquo;default &raquo; tablet_text_alignment= &raquo;default &raquo; phone_text_alignment= &raquo;default &raquo; column_border_width= &raquo;none &raquo; column_border_style= &raquo;solid &raquo; bg_image_animation= &raquo;none &raquo;][page_submenu alignment= &raquo;center &raquo; sticky= &raquo;true &raquo; bg_color= &raquo;#1a1a1a &raquo; link_color= &raquo;#ffffff &raquo;][page_link link_url= &raquo;#savoir-faire &raquo; title= &raquo;Savoir-faire &raquo; id= &raquo;1617174238301-9&Prime; tab_id= &raquo;1617174238302-4&Prime;] [\/page_link][page_link link_url= &raquo;#marches &raquo; title= &raquo;March\u00e9s &raquo; id= &raquo;1617174238351-0&Prime; tab_id= &raquo;1617174238352-5&Prime;] [\/page_link][page_link title= &raquo;Industries &raquo; id= &raquo;1617174238380-7&Prime; tab_id= &raquo;1617174238381-9&Prime; link_url= &raquo;#industries &raquo;][\/page_link][\/page_submenu][\/vc_column][\/vc_row][vc_row type= &raquo;in_container &raquo; full_screen_row_position= &raquo;middle &raquo; scene_position= &raquo;center &raquo; text_color= &raquo;dark &raquo; text_align= &raquo;left &raquo; top_padding= &raquo;60&Prime; bottom_padding= &raquo;20&Prime; class= &raquo;marginbottom0&Prime; id= &raquo;savoir-faire &raquo; overlay_strength= &raquo;0.3&Prime; shape_divider_position= &raquo;bottom &raquo; bg_image_animation= &raquo;none &raquo; shape_type= &raquo; &raquo;][vc_column column_padding= &raquo;no-extra-padding &raquo; column_padding_position= &raquo;all &raquo; background_color_opacity= &raquo;1&Prime; background_hover_color_opacity= &raquo;1&Prime; column_link_target= &raquo;_self &raquo; column_shadow= &raquo;none &raquo; column_border_radius= &raquo;none &raquo; width= &raquo;1\/1&Prime; tablet_width_inherit= &raquo;default &raquo; tablet_text_alignment= &raquo;default &raquo; phone_text_alignment= &raquo;default &raquo; column_border_width= &raquo;none &raquo; column_border_style= &raquo;solid &raquo; bg_image_animation= &raquo;none &raquo;][vc_column_text]\n<h2>SAVOIR-FAIRE<\/h2>\n[\/vc_column_text][\/vc_column][\/vc_row][vc_row type= &raquo;full_width_background &raquo; full_screen_row_position= &raquo;middle &raquo; equal_height= &raquo;yes &raquo; content_placement= &raquo;top &raquo; scene_position= &raquo;center &raquo; text_color= &raquo;dark &raquo; text_align= &raquo;left &raquo; bottom_padding= &raquo;60&Prime; id= &raquo;mission &raquo; overlay_strength= &raquo;0.3&Prime; shape_divider_position= &raquo;bottom &raquo; bg_image_animation= &raquo;none &raquo; shape_type= &raquo; &raquo;][vc_column column_padding= &raquo;padding-5-percent &raquo; column_padding_position= &raquo;right &raquo; background_color_opacity= &raquo;1&Prime; background_hover_color_opacity= &raquo;1&Prime; column_link_target= &raquo;_self &raquo; column_shadow= &raquo;none &raquo; column_border_radius= &raquo;none &raquo; width= &raquo;1\/2&Prime; tablet_width_inherit= &raquo;default &raquo; tablet_text_alignment= &raquo;default &raquo; phone_text_alignment= &raquo;default &raquo; column_border_width= &raquo;none &raquo; column_border_style= &raquo;solid &raquo; bg_image_animation= &raquo;none &raquo;][vc_column_text css= &raquo;.vc_custom_1555012377660{margin-right: 0px !important;padding-top: 0px !important;padding-bottom: 0px !important;padding-left: 0px !important;} &raquo;]<strong>Nous avons d\u00e9velopp\u00e9 au fil du temps des expertises pointues qui nous ont permis de comprendre rapidement les enjeux de nos clients et d\u2019intervenir efficacement \u00e0 toutes les \u00e9tapes de leur cha\u00eene d\u2019approvisionnement et de distribution.<\/strong><\/p>\n<p>Nos services sont personnalis\u00e9s et adapt\u00e9s \u00e0 plusieurs types d\u2019industries. Ils sont conformes aux meilleures pratiques d\u2019affaires de l\u2019industrie en mati\u00e8re de gestion de transport, de logistique et de technologies.[\/vc_column_text][\/vc_column][vc_column column_padding= &raquo;no-extra-padding &raquo; column_padding_position= &raquo;bottom &raquo; background_color_opacity= &raquo;1&Prime; background_hover_color_opacity= &raquo;1&Prime; column_link_target= &raquo;_self &raquo; column_shadow= &raquo;none &raquo; column_border_radius= &raquo;none &raquo; width= &raquo;1\/2&Prime; tablet_width_inherit= &raquo;default &raquo; tablet_text_alignment= &raquo;default &raquo; phone_text_alignment= &raquo;default &raquo; column_border_width= &raquo;none &raquo; column_border_style= &raquo;solid &raquo; bg_image_animation= &raquo;none &raquo;][vc_column_text css= &raquo;.vc_custom_1555356353086{margin-right: 0px !important;padding-top: 0px !important;padding-bottom: 0px !important;padding-left: 0px !important;} &raquo;]Notre r\u00e9seau de partenaires nous permet d\u2019\u00e9tendre la couverture de nos services \u00e0 la totalit\u00e9 du de l\u2019Am\u00e9rique du Nord et \u00e0 l\u2019international.<\/p>\n<p>Nous aimons positionner notre \u00e9quipe et nos services comme une extension de votre propre \u00e9quipe et comme un compl\u00e9ment strat\u00e9gique \u00e0 votre chaine d\u2019approvisionnent et de distribution.<\/p>\n[\/vc_column_text][vc_column_text css= &raquo;.vc_custom_1616504061659{padding-top: 20px !important;} &raquo;]\n<p style=\"font-weight: 600;\">Nos services :<\/p>\n<ul class=\"services_list_bullets\">\n<li><a href=\"\/fr\/services#logistique\">Logistique de transport<\/a><\/li>\n<li><a href=\"\/fr\/services#transport-intermodal\">Transport intermodal<\/a><\/li>\n<li><a href=\"\/fr\/services#courtage\">Courtage<\/a><\/li>\n<li><a href=\"\/fr\/services#transport-dedie\">Transport d\u00e9di\u00e9<\/a><\/li>\n<li><a href=\"\/fr\/services\/#transports-specialises\">Transport sp\u00e9cialis\u00e9<\/a><\/li>\n<\/ul>\n[\/vc_column_text][\/vc_column][\/vc_row][vc_row type= &raquo;full_width_background &raquo; full_screen_row_position= &raquo;middle &raquo; bg_color= &raquo;#f1f1f1&Prime; scene_position= &raquo;center &raquo; text_color= &raquo;dark &raquo; text_align= &raquo;left &raquo; top_padding= &raquo;60&Prime; bottom_padding= &raquo;20&Prime; class= &raquo;marginbottom0&Prime; id= &raquo;marches &raquo; overlay_strength= &raquo;0.3&Prime; shape_divider_position= &raquo;bottom &raquo; bg_image_animation= &raquo;none &raquo; shape_type= &raquo; &raquo;][vc_column column_padding= &raquo;no-extra-padding &raquo; column_padding_position= &raquo;all &raquo; background_color_opacity= &raquo;1&Prime; background_hover_color_opacity= &raquo;1&Prime; column_link_target= &raquo;_self &raquo; column_shadow= &raquo;none &raquo; column_border_radius= &raquo;none &raquo; width= &raquo;1\/1&Prime; tablet_width_inherit= &raquo;default &raquo; tablet_text_alignment= &raquo;default &raquo; phone_text_alignment= &raquo;default &raquo; column_border_width= &raquo;none &raquo; column_border_style= &raquo;solid &raquo; bg_image_animation= &raquo;none &raquo;][vc_column_text]\n<h2>MARCH\u00c9S<\/h2>\n[\/vc_column_text][\/vc_column][\/vc_row][vc_row type= &raquo;full_width_background &raquo; full_screen_row_position= &raquo;middle &raquo; equal_height= &raquo;yes &raquo; content_placement= &raquo;top &raquo; bg_color= &raquo;#f1f1f1&Prime; scene_position= &raquo;center &raquo; text_color= &raquo;dark &raquo; text_align= &raquo;left &raquo; bottom_padding= &raquo;60&Prime; id= &raquo;approche-client &raquo; overlay_strength= &raquo;0.3&Prime; shape_divider_position= &raquo;bottom &raquo; bg_image_animation= &raquo;none &raquo; shape_type= &raquo; &raquo;][vc_column column_padding= &raquo;padding-5-percent &raquo; column_padding_position= &raquo;right &raquo; background_color_opacity= &raquo;1&Prime; background_hover_color_opacity= &raquo;1&Prime; column_link_target= &raquo;_self &raquo; column_shadow= &raquo;none &raquo; column_border_radius= &raquo;none &raquo; width= &raquo;1\/2&Prime; tablet_width_inherit= &raquo;default &raquo; tablet_text_alignment= &raquo;default &raquo; phone_text_alignment= &raquo;default &raquo; column_border_width= &raquo;none &raquo; column_border_style= &raquo;solid &raquo; bg_image_animation= &raquo;none &raquo;][vc_column_text css= &raquo;.vc_custom_1555014215520{margin-right: 0px !important;padding-top: 0px !important;padding-bottom: 0px !important;padding-left: 0px !important;} &raquo;]<strong>Nous sommes pr\u00e9sents partout en Am\u00e9rique du Nord.<\/strong><\/p>\n<p>Nous poss\u00e9dons l\u2019expertise et les ressources requises pour assurer\u00a0efficacement la livraison et la distribution de vos marchandises\u00a0partout aux \u00c9tats-Unis, au Mexique et dans toutes les provinces du Canada.<\/p>\n<p>Des ententes avec des partenaires choisis pour leur efficacit\u00e9,\u00a0permettent de compl\u00e9ter notre couverture des march\u00e9s selon les\u00a0besoins sp\u00e9cifiques de nos clients.<\/p>\n<p>Nous offrons \u00e9galement notre soutien \u00e0 nos clients lorsqu\u2019ils ont \u00e0\u00a0exporter ou \u00e0 importer des produits \u00e0 l\u2019\u00e9chelle internationale.<\/p>\n<p>Nos centres de distribution sont localis\u00e9s pr\u00e8s des grands axes\u00a0routiers au Qu\u00e9bec et en Ontario.[\/vc_column_text][\/vc_column][vc_column column_padding= &raquo;no-extra-padding &raquo; column_padding_position= &raquo;left &raquo; background_color_opacity= &raquo;1&Prime; background_hover_color_opacity= &raquo;1&Prime; column_link_target= &raquo;_self &raquo; column_shadow= &raquo;none &raquo; column_border_radius= &raquo;none &raquo; width= &raquo;1\/2&Prime; tablet_width_inherit= &raquo;default &raquo; tablet_text_alignment= &raquo;default &raquo; phone_text_alignment= &raquo;default &raquo; column_border_width= &raquo;none &raquo; column_border_style= &raquo;solid &raquo; bg_image_animation= &raquo;none &raquo;]<div class=\"img-with-aniamtion-wrap \" data-max-width=\"100%\" data-border-radius=\"none\"><div class=\"inner\"><img data-shadow=\"none\" data-shadow-direction=\"middle\" class=\"img-with-animation skip-lazy \" data-delay=\"0\" height=\"540\" width=\"840\"  data-animation=\"fade-in\" src=\"https:\/\/craler.com\/wp-content\/uploads\/2019\/05\/EXPERTISE_Marches2.jpg\" srcset=\"https:\/\/craler.com\/wp-content\/uploads\/2019\/05\/EXPERTISE_Marches2.jpg 840w, https:\/\/craler.com\/wp-content\/uploads\/2019\/05\/EXPERTISE_Marches2-300x193.jpg 300w, https:\/\/craler.com\/wp-content\/uploads\/2019\/05\/EXPERTISE_Marches2-768x494.jpg 768w\" sizes=\"100vw\" alt=\"Craler Expertise\" \/><\/div><\/div>[\/vc_column][\/vc_row][vc_row type= &raquo;in_container &raquo; full_screen_row_position= &raquo;middle &raquo; scene_position= &raquo;center &raquo; text_color= &raquo;dark &raquo; text_align= &raquo;left &raquo; top_padding= &raquo;60&Prime; bottom_padding= &raquo;20&Prime; class= &raquo;marginbottom0&Prime; id= &raquo;industries &raquo; overlay_strength= &raquo;0.3&Prime; shape_divider_position= &raquo;bottom &raquo; bg_image_animation= &raquo;none &raquo; shape_type= &raquo; &raquo;][vc_column column_padding= &raquo;no-extra-padding &raquo; column_padding_position= &raquo;all &raquo; background_color_opacity= &raquo;1&Prime; background_hover_color_opacity= &raquo;1&Prime; column_link_target= &raquo;_self &raquo; column_shadow= &raquo;none &raquo; column_border_radius= &raquo;none &raquo; width= &raquo;1\/1&Prime; tablet_width_inherit= &raquo;default &raquo; tablet_text_alignment= &raquo;default &raquo; phone_text_alignment= &raquo;default &raquo; column_border_width= &raquo;none &raquo; column_border_style= &raquo;solid &raquo; bg_image_animation= &raquo;none &raquo;][vc_column_text]\n<h2>INDUSTRIES<\/h2>\n[\/vc_column_text][\/vc_column][\/vc_row][vc_row type= &raquo;full_width_background &raquo; full_screen_row_position= &raquo;middle &raquo; equal_height= &raquo;yes &raquo; content_placement= &raquo;top &raquo; scene_position= &raquo;center &raquo; text_color= &raquo;dark &raquo; text_align= &raquo;left &raquo; bottom_padding= &raquo;60&Prime; id= &raquo;valeurs &raquo; overlay_strength= &raquo;0.3&Prime; shape_divider_position= &raquo;bottom &raquo; bg_image_animation= &raquo;none &raquo; shape_type= &raquo; &raquo;][vc_column column_padding= &raquo;padding-5-percent &raquo; column_padding_position= &raquo;right &raquo; background_color_opacity= &raquo;1&Prime; background_hover_color_opacity= &raquo;1&Prime; column_link_target= &raquo;_self &raquo; column_shadow= &raquo;none &raquo; column_border_radius= &raquo;none &raquo; width= &raquo;1\/2&Prime; tablet_width_inherit= &raquo;default &raquo; tablet_text_alignment= &raquo;default &raquo; phone_text_alignment= &raquo;default &raquo; column_border_width= &raquo;none &raquo; column_border_style= &raquo;solid &raquo; bg_image_animation= &raquo;none &raquo;][vc_column_text]<strong>Nous avons d\u00e9velopp\u00e9 des services qui permettent de servir efficacement des clients de toute taille oeuvrant dans de multiples secteurs d\u2019activit\u00e9s.<\/strong><\/p>\n<p>Que ce soit pour du transport de marchandises en charge partielle\u00a0(LTL) ou totale (FTL), du transport de produits liquides, en vrac ou\u00a0hors normes, nous avons l\u2019expertise n\u00e9cessaire pour desservir de\u00a0nombreux secteurs d\u2019activit\u00e9s et types de transport.[\/vc_column_text][\/vc_column][vc_column column_padding= &raquo;no-extra-padding &raquo; column_padding_position= &raquo;bottom &raquo; background_color_opacity= &raquo;1&Prime; background_hover_color_opacity= &raquo;1&Prime; column_link_target= &raquo;_self &raquo; column_shadow= &raquo;none &raquo; column_border_radius= &raquo;none &raquo; width= &raquo;1\/2&Prime; tablet_width_inherit= &raquo;default &raquo; tablet_text_alignment= &raquo;default &raquo; phone_text_alignment= &raquo;default &raquo; column_border_width= &raquo;none &raquo; column_border_style= &raquo;solid &raquo; bg_image_animation= &raquo;none &raquo;][vc_column_text]\n<p style=\"font-weight: 600;\">Secteurs d\u2019activit\u00e9s et types de transport :<\/p>\n<ul class=\"services_list_bullets\">\n<li>Commerce de d\u00e9tail<\/li>\n<li>Distributeurs<\/li>\n<li>Produits alimentaires<\/li>\n<li>Transport industriel<\/li>\n<li>Produits de construction<\/li>\n<li>Transports sp\u00e9cialis\u00e9s<\/li>\n<\/ul>\n[\/vc_column_text][\/vc_column][\/vc_row]\n","protected":false},"excerpt":{"rendered":"<p>[vc_row type= &raquo;full_width_background &raquo; full_screen_row_position= &raquo;middle &raquo; bg_image= &raquo;758&Prime; bg_position= &raquo;center center &raquo; bg_repeat= &raquo;no-repeat &raquo; scene_position= &raquo;center &raquo; text_color= &raquo;dark &raquo; text_align= &raquo;center &raquo; overlay_strength= &raquo;0.3&Prime; shape_divider_position= &raquo;bottom &raquo;&#8230;<\/p>\n","protected":false},"author":1,"featured_media":0,"parent":0,"menu_order":0,"comment_status":"closed","ping_status":"closed","template":"","meta":{"_seopress_robots_primary_cat":""},"_links":{"self":[{"href":"https:\/\/craler.com\/fr\/wp-json\/wp\/v2\/pages\/554"}],"collection":[{"href":"https:\/\/craler.com\/fr\/wp-json\/wp\/v2\/pages"}],"about":[{"href":"https:\/\/craler.com\/fr\/wp-json\/wp\/v2\/types\/page"}],"author":[{"embeddable":true,"href":"https:\/\/craler.com\/fr\/wp-json\/wp\/v2\/users\/1"}],"replies":[{"embeddable":true,"href":"https:\/\/craler.com\/fr\/wp-json\/wp\/v2\/comments?post=554"}],"version-history":[{"count":0,"href":"https:\/\/craler.com\/fr\/wp-json\/wp\/v2\/pages\/554\/revisions"}],"wp:attachment":[{"href":"https:\/\/craler.com\/fr\/wp-json\/wp\/v2\/media?parent=554"}],"curies":[{"name":"wp","href":"https:\/\/api.w.org\/{rel}","templated":true}]}}